{"id":27,"date":"2014-08-14T08:30:47","date_gmt":"2014-08-14T07:30:47","guid":{"rendered":"http:\/\/sud.svmep.ch\/?page_id=27"},"modified":"2026-04-12T16:58:10","modified_gmt":"2026-04-12T15:58:10","slug":"adherer-au-svmep","status":"publish","type":"page","link":"https:\/\/sud.svmep.ch\/svmep\/adherer-au-svmep\/","title":{"rendered":"Adh\u00e9rer au SVMEP"},"content":{"rendered":"<p>Tout.e enseignant.e des <a href=\"https:\/\/www.vd.ch\/def\/dgep\/les-etablissements-de-formation-professionnelle\" target=\"_blank\" rel=\"noopener\">\u00e9coles professionnelles vaudoises<\/a>, de <a href=\"https:\/\/www.vd.ch\/def\/dgep\/ecole-de-laccueil-et-ecole-de-la-transition\" target=\"_blank\" rel=\"noopener\">l&rsquo;\u00c9cole de la Transition et de l&rsquo;\u00c9cole de l&rsquo;Accueil<\/a> peut adh\u00e9rer au SVMEP, afin de le renforcer et de b\u00e9n\u00e9ficier de <a href=\"https:\/\/sud.svmep.ch\/svmep\/prestations\/\">ses prestations<\/a>.<\/p>\n<p>La cotisation annuelle est de 150 frs et inclut la <a href=\"https:\/\/sud-vd.ch\/home\/a-propos\/\" target=\"_blank\" rel=\"noopener\">d\u00e9fense juridique de la F\u00e9d\u00e9ration syndicale SUD<\/a>.<\/p>\n<p><strong>Remplissez le formulaire de demande d&rsquo;adh\u00e9sion et nous vous contacterons :<\/strong><\/p>\n\n\n<!-- Fast Secure Contact Form plugin 4.0.52 - begin - FastSecureContactForm.com -->\r\n<div style=\"clear:both;\"><\/div>\n\r\n<div id=\"FSContact2\" style=\"width:99%; max-width:600px; margin-left:auto; margin-right:auto;\">\r\n<form action=\"https:\/\/sud.svmep.ch\/svmep\/wp-json\/wp\/v2\/pages\/27#FSContact2\" id=\"fscf_form2\" method=\"post\">\r\n<fieldset id=\"fscf_form_fieldset2\" style=\"border:2px solid #eee; width:99%; max-width:600px; padding:10px; background: #f9f9f9;\">\n\n<div id=\"fscf_required2\">\n  <span style=\"text-align:left;\">*<\/span> <span style=\"text-align:left; font-size: 8pt;\">indique un champ requis<\/span>\n<\/div>\n\n\n<div id=\"fscf_div_clear2_4\" style=\"clear:both;\">\n  <div id=\"fscf_div_field2_4\" style=\"clear:left; float:left; width:99%; max-width:550px; margin-right:10px;\">\n    <div  id=\"fscf_label2_4\" style=\"text-align:left; padding-top:5px;\">\r\n      <label style=\"display:inline; font-size: 8pt; font-weight: bold; color: #555555; margin-left: 30px;\" for=\"fscf_field2_4\">Salutation<\/label>\n    <\/div>\n    <div style=\"text-align:left;\">\n      <select style=\"text-align:left; font-size: 1em; opacity:0.8; color:#303030; margin-left: 30px;\" id=\"fscf_field2_4\" name=\"Salutation[]\">\n        <option value=\"1\">Madame<\/option>\n        <option value=\"2\">Monsieur<\/option>\n        <option value=\"3\">Autre<\/option>\n      <\/select>\n    <\/div>\n  <\/div>\n<\/div>\n\n<div id=\"fscf_div_clear2_0\" style=\"clear:both;\">\n  <div id=\"fscf_div_field2_0\" style=\"clear:left; float:left; width:99%; max-width:250px; margin-right:10px;\">\r\n    <div style=\"text-align:left; padding-top:5px;\">\n      <label style=\"display:inline; font-size: 8pt; font-weight: bold; color: #555555; margin-left: 30px;\" for=\"fscf_name2\">Nom<span style=\"text-align:left;\">*<\/span><\/label>\n    <\/div>\r\n    <div style=\"text-align:left;\">\r\n      <input style=\"text-align:left; margin:0; width:99%; max-width:250px; margin-left: 30px; color: #303030; background: -moz-linear-gradient(center top , #f7f7f7 0%, #eeeeee 100%) repeat scroll 0 0 rgba(0, 0, 0, 0); border: 1px solid #e2e2e2;\" type=\"text\" id=\"fscf_name2\" name=\"full_name\" value=\"\"  \/>\r\n    <\/div>\r\n  <\/div>\n  <div id=\"fscf_div_follow2_5\" style=\"float:left; padding-left:10px; width:99%; max-width:250px;\">\n    <div  id=\"fscf_label2_5\" style=\"text-align:left; padding-top:5px;\">\r\n      <label style=\"display:inline; font-size: 8pt; font-weight: bold; color: #555555; margin-left: 30px;\" for=\"fscf_field2_5\">Pr\u00e9nom<span style=\"text-align:left;\">*<\/span><\/label>\n    <\/div>\n    <div style=\"text-align:left;\">\n      <input style=\"text-align:left; margin:0; width:99%; max-width:250px; margin-left: 30px; color: #303030; background: -moz-linear-gradient(center top , #f7f7f7 0%, #eeeeee 100%) repeat scroll 0 0 rgba(0, 0, 0, 0); border: 1px solid #e2e2e2;\" type=\"text\" id=\"fscf_field2_5\" name=\"prenom\" value=\"\"  \/>\n    <\/div>\n  <\/div>\n<\/div>\n\n<div id=\"fscf_div_clear2_6\" style=\"clear:both;\">\n  <div id=\"fscf_div_field2_6\" style=\"clear:left; float:left; width:99%; max-width:550px; margin-right:10px;\">\n    <div  id=\"fscf_label2_6\" style=\"text-align:left; padding-top:5px;\">\r\n      <label style=\"display:inline; font-size: 8pt; font-weight: bold; color: #555555; margin-left: 30px;\" for=\"fscf_field2_6\">Date de naissance<span style=\"text-align:left;\">*<\/span><\/label>\n    <\/div>\n    <div style=\"text-align:left;\">\n      <input style=\"text-align:left; margin:0; width:99%; max-width:250px; margin-left: 30px; color: #303030; background: -moz-linear-gradient(center top , #f7f7f7 0%, #eeeeee 100%) repeat scroll 0 0 rgba(0, 0, 0, 0); border: 1px solid #e2e2e2;\" type=\"text\" id=\"fscf_field2_6\" name=\"date-de-naissance\" value=\"jj\/mm\/aaaa\"  size=\"15\"  \/>\n    <\/div>\n  <\/div>\n<\/div>\n\n<div id=\"fscf_div_clear2_11\" style=\"clear:both;\">\n  <div id=\"fscf_div_field2_11\" style=\"clear:left; float:left; width:99%; max-width:250px; margin-right:10px;\">\n    <div  id=\"fscf_label2_11\" style=\"text-align:left; padding-top:5px;\">\r\n      <label style=\"display:inline; font-size: 8pt; font-weight: bold; color: #555555; margin-left: 30px;\" for=\"fscf_field2_11\">Adresse priv\u00e9e<span style=\"text-align:left;\">*<\/span><\/label>\n    <\/div>\n    <div style=\"text-align:left;\">\n      <input style=\"text-align:left; margin:0; width:99%; max-width:250px; margin-left: 30px; color: #303030; background: -moz-linear-gradient(center top , #f7f7f7 0%, #eeeeee 100%) repeat scroll 0 0 rgba(0, 0, 0, 0); border: 1px solid #e2e2e2;\" type=\"text\" id=\"fscf_field2_11\" name=\"adresse-privee-rue-numero\" value=\"\"  \/>\n    <\/div>\n  <\/div>\n  <div id=\"fscf_div_follow2_12\" style=\"float:left; padding-left:10px; width:99%; max-width:250px;\">\n    <div  id=\"fscf_label2_12\" style=\"text-align:left; padding-top:5px;\">\r\n      <label style=\"display:inline; font-size: 8pt; font-weight: bold; color: #555555; margin-left: 30px;\" for=\"fscf_field2_12\">NPA, Localit\u00e9<span style=\"text-align:left;\">*<\/span><\/label>\n    <\/div>\n    <div style=\"text-align:left;\">\n      <input style=\"text-align:left; margin:0; width:99%; max-width:250px; margin-left: 30px; color: #303030; background: -moz-linear-gradient(center top , #f7f7f7 0%, #eeeeee 100%) repeat scroll 0 0 rgba(0, 0, 0, 0); border: 1px solid #e2e2e2;\" type=\"text\" id=\"fscf_field2_12\" name=\"npa-localite\" value=\"\"  \/>\n    <\/div>\n  <\/div>\n<\/div>\n\n<div id=\"fscf_div_clear2_1\" style=\"clear:both;\">\n  <div id=\"fscf_div_field2_1\" style=\"clear:left; float:left; width:99%; max-width:550px; margin-right:10px;\">\n    <div style=\"text-align:left; padding-top:5px;\">\n      <label style=\"display:inline; font-size: 8pt; font-weight: bold; color: #555555; margin-left: 30px;\" for=\"fscf_email2\">Courriel<span style=\"text-align:left;\">*<\/span><\/label>\n    <\/div>\n    <div style=\"text-align:left;\">\n      <input style=\"text-align:left; margin:0; width:99%; max-width:250px; margin-left: 30px; color: #303030; background: -moz-linear-gradient(center top , #f7f7f7 0%, #eeeeee 100%) repeat scroll 0 0 rgba(0, 0, 0, 0); border: 1px solid #e2e2e2;\" type=\"text\" id=\"fscf_email2\" name=\"email\" value=\"indiquez votre adresse e-mail priv\u00e9e\"  \/>\n    <\/div>\n  <\/div>\n<\/div>\n\n<div id=\"fscf_div_clear2_13\" style=\"clear:both;\">\n  <div id=\"fscf_div_field2_13\" style=\"clear:left; float:left; width:99%; max-width:550px; margin-right:10px;\">\n    <div  id=\"fscf_label2_13\" style=\"text-align:left; padding-top:5px;\">\r\n      <label style=\"display:inline; font-size: 8pt; font-weight: bold; color: #555555; margin-left: 30px;\" for=\"fscf_field2_13\">T\u00e9l\u00e9phone<span style=\"text-align:left;\">*<\/span><\/label>\n    <\/div>\n    <div style=\"text-align:left;\">\n      <input style=\"text-align:left; margin:0; width:99%; max-width:250px; margin-left: 30px; color: #303030; background: -moz-linear-gradient(center top , #f7f7f7 0%, #eeeeee 100%) repeat scroll 0 0 rgba(0, 0, 0, 0); border: 1px solid #e2e2e2;\" type=\"text\" id=\"fscf_field2_13\" name=\"telephone\" value=\"\"  \/>\n    <\/div>\n  <\/div>\n<\/div>\n\n<div id=\"fscf_div_clear2_8\" style=\"clear:both;\">\n  <div id=\"fscf_div_field2_8\" style=\"clear:left; float:left; width:99%; max-width:250px; margin-right:10px;\">\n    <div  id=\"fscf_label2_8\" style=\"text-align:left; padding-top:5px;\">\r\n      <label style=\"display:inline; font-size: 8pt; font-weight: bold; color: #555555; margin-left: 30px;\" for=\"fscf_field2_8\">\u00c9tablissement<span style=\"text-align:left;\">*<\/span><\/label>\n    <\/div>\n    <div style=\"text-align:left;\">\n      <select style=\"text-align:left; font-size: 1em; opacity:0.8; color:#303030; margin-left: 30px;\" id=\"fscf_field2_8\" name=\"etablissement[]\">\n        <option value=\"1\">Agrilogie<\/option>\n        <option value=\"2\">CEPM<\/option>\n        <option value=\"3\">CEPV<\/option>\n        <option value=\"4\">CFPF<\/option>\n        <option value=\"5\">COFOP<\/option>\n        <option value=\"6\">CPNV<\/option>\n        <option value=\"7\">\u00c9cole de l&#039;accueil<\/option>\n        <option value=\"8\">\u00c9cole de la transition<\/option>\n        <option value=\"9\">EPCA<\/option>\n        <option value=\"10\">EPCL<\/option>\n        <option value=\"11\">EPCN<\/option>\n        <option value=\"12\">EPM<\/option>\n        <option value=\"13\">EPSIC<\/option>\n        <option value=\"14\">ERACOM<\/option>\n        <option value=\"15\">ESsant\u00e9<\/option>\n        <option value=\"16\">ESSC<\/option>\n        <option value=\"17\">ETML<\/option>\n        <option value=\"18\">ETVJ<\/option>\n        <option value=\"19\">La Manufacture<\/option>\n        <option value=\"20\">Panorama<\/option>\n      <\/select>\n    <\/div>\n  <\/div>\n  <div id=\"fscf_div_follow2_10\" style=\"float:left; padding-left:10px; width:99%; max-width:250px;\">\n    <div  id=\"fscf_label2_10\" style=\"text-align:left; padding-top:5px;\">\r\n      <label style=\"display:inline; font-size: 8pt; font-weight: bold; color: #555555; margin-left: 30px;\" for=\"fscf_field2_10\">Lieu de travail<\/label>\n    <\/div>\n    <div style=\"text-align:left;\">\n      <input style=\"text-align:left; margin:0; width:99%; max-width:250px; margin-left: 30px; color: #303030; background: -moz-linear-gradient(center top , #f7f7f7 0%, #eeeeee 100%) repeat scroll 0 0 rgba(0, 0, 0, 0); border: 1px solid #e2e2e2;\" type=\"text\" id=\"fscf_field2_10\" name=\"lieu-de-travail\" value=\"\"  \/>\n    <\/div>\n  <\/div>\n<\/div>\n\n<div id=\"fscf_div_clear2_14\" style=\"clear:both;\">\n  <div id=\"fscf_div_field2_14\" style=\"clear:left; float:left; width:99%; max-width:550px; margin-right:10px;\">\n    <div  id=\"fscf_label2_14\" style=\"text-align:left; padding-top:5px;\">\r\n      <label style=\"display:inline; font-size: 8pt; font-weight: bold; color: #555555; margin-left: 30px;\" for=\"fscf_field2_14\">Mati\u00e8re(s) enseign\u00e9e(s)<span style=\"text-align:left;\">*<\/span><\/label>\n    <\/div>\n    <div style=\"text-align:left;\">\n      <input style=\"text-align:left; margin:0; width:99%; max-width:250px; margin-left: 30px; color: #303030; background: -moz-linear-gradient(center top , #f7f7f7 0%, #eeeeee 100%) repeat scroll 0 0 rgba(0, 0, 0, 0); border: 1px solid #e2e2e2;\" type=\"text\" id=\"fscf_field2_14\" name=\"Matieres-enseignees\" value=\"\"  \/>\n    <\/div>\n  <\/div>\n<\/div>\r\n<div style=\"clear:both;\"><\/div>\n\n<div style=\"text-align:left; padding-top:5px;\">\n<\/div>\n<div id=\"fscf_captcha_image_div2\" style=\"width:175px; height:50px; padding-top:2px; margin-left:10px;\">\n      <img loading=\"lazy\" decoding=\"async\" id=\"fscf_captcha_image2\" style=\"border-style:none; margin:0; padding:0px; padding-right:5px; float:left; background: #f9f9f9;\" src=\"https:\/\/sud.svmep.ch\/svmep\/wp-content\/plugins\/si-contact-form\/captcha\/securimage_show.php?ctf_sm_captcha=1&amp;prefix=geLsEQHhhp5hUiu9\" width=\"132\" height=\"45\" alt=\"Code Anti-spam\" title=\"Code Anti-spam\" \/>\n      <input id=\"fscf_captcha_prefix2\" type=\"hidden\" name=\"fscf_captcha_prefix2\" value=\"geLsEQHhhp5hUiu9\" \/>\n     <div id=\"fscf_captcha_refresh2\">\n        <a href=\"#\" rel=\"nofollow\" title=\"Rafra\u00eechir\" onclick=\"fscf_captcha_refresh('2','\/svmep\/wp-content\/plugins\/si-contact-form\/captcha','https:\/\/sud.svmep.ch\/svmep\/wp-content\/plugins\/si-contact-form\/captcha\/securimage_show.php?ctf_sm_captcha=1&amp;prefix='); return false;\">\n        <img loading=\"lazy\" decoding=\"async\" src=\"https:\/\/sud.svmep.ch\/svmep\/wp-content\/plugins\/si-contact-form\/captcha\/images\/refresh.png\" width=\"22\" height=\"20\" alt=\"Rafra\u00eechir\" style=\"border-style:none; margin:0; padding:0px; vertical-align:bottom; background: #f9f9f9;\" onclick=\"this.blur();\" \/><\/a>\r\n     <\/div>\r\n<\/div>\r\n\r\n<div id=\"fscf_captcha_field2\" style=\"text-align:left; padding-top:5px;\">\r\n     <label style=\"display:inline; font-size: 8pt; font-weight: bold; color: #555555; margin-left: 30px;\" for=\"fscf_captcha_code2\">Code Anti-spam<span style=\"text-align:left;\">*<\/span><\/label>\r\n<\/div>\r\n<div style=\"text-align:left;\">\n     <input style=\"text-align:left; margin-left:30px; width:50px; border: 1px solid #555555;\" type=\"text\" value=\"\" autocomplete=\"off\" id=\"fscf_captcha_code2\" name=\"captcha_code\"  \/>\n<\/div>\n\n<div id=\"fscf_submit_div2\" style=\"text-align:left; clear:both; padding-top:15px; margin-left:20px;\">\r\n\t\t<input type=\"submit\" id=\"fscf_submit2\" style=\"cursor:pointer; margin:0;\" value=\"Envoyer\"  onclick=\"this.disabled=true; this.value='Soumis...'; this.form.submit();\" \/> \n<\/div>\n<\/fieldset>\n\n<input type=\"hidden\" name=\"fscf_submitted\" value=\"0\" \/>\n<input type=\"hidden\" name=\"fs_postonce_2\" value=\"c47a4812cfe9d6a8e58e8345b96816b8,1777551084\" \/>\n<input type=\"hidden\" name=\"si_contact_action\" value=\"send\" \/>\n<input type=\"hidden\" name=\"form_id\" value=\"2\" \/>\n<input type=\"hidden\" name=\"mailto_id\" value=\"1\" \/>\n\n<\/form>\n<\/div>\r\n<div style=\"clear:both;\"><\/div>\n\n<!-- Fast Secure Contact Form plugin 4.0.52 - end - FastSecureContactForm.com -->\n\n","protected":false},"excerpt":{"rendered":"<p>Tout.e enseignant.e des \u00e9coles professionnelles vaudoises, de l&rsquo;\u00c9cole de la Transition et de l&rsquo;\u00c9cole de l&rsquo;Accueil peut adh\u00e9rer au SVMEP, afin de le renforcer et de b\u00e9n\u00e9ficier de ses prestations. [&hellip;]<\/p>\n","protected":false},"author":2,"featured_media":0,"parent":0,"menu_order":0,"comment_status":"closed","ping_status":"closed","template":"","meta":{"footnotes":""},"class_list":["post-27","page","type-page","status-publish","hentry"],"yoast_head":"<!-- This site is optimized with the Yoast SEO plugin v27.4 - https:\/\/yoast.com\/product\/yoast-seo-wordpress\/ -->\n<title>Adh\u00e9rer au SVMEP - svmep.ch<\/title>\n<meta name=\"description\" content=\"Tout.e enseignant.e des \u00e9coles professionnelles vaudoises, de l&#039;\u00c9cole de la Transition et de l&#039;\u00c9cole de l&#039;Accueil peut adh\u00e9rer au SVMEP.\" \/>\n<meta name=\"robots\" content=\"index, follow, max-snippet:-1, max-image-preview:large, max-video-preview:-1\" \/>\n<link rel=\"canonical\" href=\"https:\/\/sud.svmep.ch\/svmep\/adherer-au-svmep\/\" \/>\n<meta property=\"og:locale\" content=\"fr_FR\" \/>\n<meta property=\"og:type\" content=\"article\" \/>\n<meta property=\"og:title\" content=\"Adh\u00e9rer au SVMEP - svmep.ch\" \/>\n<meta property=\"og:description\" content=\"Tout.e enseignant.e des \u00e9coles professionnelles vaudoises, de l&#039;\u00c9cole de la Transition et de l&#039;\u00c9cole de l&#039;Accueil peut adh\u00e9rer au SVMEP.\" \/>\n<meta property=\"og:url\" content=\"https:\/\/sud.svmep.ch\/svmep\/adherer-au-svmep\/\" \/>\n<meta property=\"og:site_name\" content=\"svmep.ch\" \/>\n<meta property=\"article:modified_time\" content=\"2026-04-12T15:58:10+00:00\" \/>\n<meta name=\"twitter:card\" content=\"summary_large_image\" \/>\n<script type=\"application\/ld+json\" class=\"yoast-schema-graph\">{\"@context\":\"https:\\\/\\\/schema.org\",\"@graph\":[{\"@type\":[\"WebPage\",\"CheckoutPage\"],\"@id\":\"https:\\\/\\\/sud.svmep.ch\\\/svmep\\\/adherer-au-svmep\\\/\",\"url\":\"https:\\\/\\\/sud.svmep.ch\\\/svmep\\\/adherer-au-svmep\\\/\",\"name\":\"Adh\u00e9rer au SVMEP - svmep.ch\",\"isPartOf\":{\"@id\":\"https:\\\/\\\/sud.svmep.ch\\\/svmep\\\/#website\"},\"datePublished\":\"2014-08-14T07:30:47+00:00\",\"dateModified\":\"2026-04-12T15:58:10+00:00\",\"description\":\"Tout.e enseignant.e des \u00e9coles professionnelles vaudoises, de l'\u00c9cole de la Transition et de l'\u00c9cole de l'Accueil peut adh\u00e9rer au SVMEP.\",\"breadcrumb\":{\"@id\":\"https:\\\/\\\/sud.svmep.ch\\\/svmep\\\/adherer-au-svmep\\\/#breadcrumb\"},\"inLanguage\":\"fr-FR\",\"potentialAction\":[{\"@type\":\"ReadAction\",\"target\":[\"https:\\\/\\\/sud.svmep.ch\\\/svmep\\\/adherer-au-svmep\\\/\"]}]},{\"@type\":\"BreadcrumbList\",\"@id\":\"https:\\\/\\\/sud.svmep.ch\\\/svmep\\\/adherer-au-svmep\\\/#breadcrumb\",\"itemListElement\":[{\"@type\":\"ListItem\",\"position\":1,\"name\":\"Accueil\",\"item\":\"https:\\\/\\\/sud.svmep.ch\\\/svmep\\\/\"},{\"@type\":\"ListItem\",\"position\":2,\"name\":\"Adh\u00e9rer au SVMEP\"}]},{\"@type\":\"WebSite\",\"@id\":\"https:\\\/\\\/sud.svmep.ch\\\/svmep\\\/#website\",\"url\":\"https:\\\/\\\/sud.svmep.ch\\\/svmep\\\/\",\"name\":\"Syndicat vaudois des ma\u00eetres.ses de l'enseignement professionnel\",\"description\":\"\",\"publisher\":{\"@id\":\"https:\\\/\\\/sud.svmep.ch\\\/svmep\\\/#organization\"},\"alternateName\":\"SVMEP\",\"potentialAction\":[{\"@type\":\"SearchAction\",\"target\":{\"@type\":\"EntryPoint\",\"urlTemplate\":\"https:\\\/\\\/sud.svmep.ch\\\/svmep\\\/?s={search_term_string}\"},\"query-input\":{\"@type\":\"PropertyValueSpecification\",\"valueRequired\":true,\"valueName\":\"search_term_string\"}}],\"inLanguage\":\"fr-FR\"},{\"@type\":\"Organization\",\"@id\":\"https:\\\/\\\/sud.svmep.ch\\\/svmep\\\/#organization\",\"name\":\"Syndicat vaudois des ma\u00eetres.ses de l'enseignement professionnel SVMEP\",\"alternateName\":\"SVMEP\",\"url\":\"https:\\\/\\\/sud.svmep.ch\\\/svmep\\\/\",\"logo\":{\"@type\":\"ImageObject\",\"inLanguage\":\"fr-FR\",\"@id\":\"https:\\\/\\\/sud.svmep.ch\\\/svmep\\\/#\\\/schema\\\/logo\\\/image\\\/\",\"url\":\"https:\\\/\\\/sud.svmep.ch\\\/svmep\\\/wp-content\\\/uploads\\\/2024\\\/09\\\/svmep150x260.jpg\",\"contentUrl\":\"https:\\\/\\\/sud.svmep.ch\\\/svmep\\\/wp-content\\\/uploads\\\/2024\\\/09\\\/svmep150x260.jpg\",\"width\":226,\"height\":127,\"caption\":\"Syndicat vaudois des ma\u00eetres.ses de l'enseignement professionnel SVMEP\"},\"image\":{\"@id\":\"https:\\\/\\\/sud.svmep.ch\\\/svmep\\\/#\\\/schema\\\/logo\\\/image\\\/\"}}]}<\/script>\n<!-- \/ Yoast SEO plugin. -->","yoast_head_json":{"title":"Adh\u00e9rer au SVMEP - svmep.ch","description":"Tout.e enseignant.e des \u00e9coles professionnelles vaudoises, de l'\u00c9cole de la Transition et de l'\u00c9cole de l'Accueil peut adh\u00e9rer au SVMEP.","robots":{"index":"index","follow":"follow","max-snippet":"max-snippet:-1","max-image-preview":"max-image-preview:large","max-video-preview":"max-video-preview:-1"},"canonical":"https:\/\/sud.svmep.ch\/svmep\/adherer-au-svmep\/","og_locale":"fr_FR","og_type":"article","og_title":"Adh\u00e9rer au SVMEP - svmep.ch","og_description":"Tout.e enseignant.e des \u00e9coles professionnelles vaudoises, de l'\u00c9cole de la Transition et de l'\u00c9cole de l'Accueil peut adh\u00e9rer au SVMEP.","og_url":"https:\/\/sud.svmep.ch\/svmep\/adherer-au-svmep\/","og_site_name":"svmep.ch","article_modified_time":"2026-04-12T15:58:10+00:00","twitter_card":"summary_large_image","schema":{"@context":"https:\/\/schema.org","@graph":[{"@type":["WebPage","CheckoutPage"],"@id":"https:\/\/sud.svmep.ch\/svmep\/adherer-au-svmep\/","url":"https:\/\/sud.svmep.ch\/svmep\/adherer-au-svmep\/","name":"Adh\u00e9rer au SVMEP - svmep.ch","isPartOf":{"@id":"https:\/\/sud.svmep.ch\/svmep\/#website"},"datePublished":"2014-08-14T07:30:47+00:00","dateModified":"2026-04-12T15:58:10+00:00","description":"Tout.e enseignant.e des \u00e9coles professionnelles vaudoises, de l'\u00c9cole de la Transition et de l'\u00c9cole de l'Accueil peut adh\u00e9rer au SVMEP.","breadcrumb":{"@id":"https:\/\/sud.svmep.ch\/svmep\/adherer-au-svmep\/#breadcrumb"},"inLanguage":"fr-FR","potentialAction":[{"@type":"ReadAction","target":["https:\/\/sud.svmep.ch\/svmep\/adherer-au-svmep\/"]}]},{"@type":"BreadcrumbList","@id":"https:\/\/sud.svmep.ch\/svmep\/adherer-au-svmep\/#breadcrumb","itemListElement":[{"@type":"ListItem","position":1,"name":"Accueil","item":"https:\/\/sud.svmep.ch\/svmep\/"},{"@type":"ListItem","position":2,"name":"Adh\u00e9rer au SVMEP"}]},{"@type":"WebSite","@id":"https:\/\/sud.svmep.ch\/svmep\/#website","url":"https:\/\/sud.svmep.ch\/svmep\/","name":"Syndicat vaudois des ma\u00eetres.ses de l'enseignement professionnel","description":"","publisher":{"@id":"https:\/\/sud.svmep.ch\/svmep\/#organization"},"alternateName":"SVMEP","potentialAction":[{"@type":"SearchAction","target":{"@type":"EntryPoint","urlTemplate":"https:\/\/sud.svmep.ch\/svmep\/?s={search_term_string}"},"query-input":{"@type":"PropertyValueSpecification","valueRequired":true,"valueName":"search_term_string"}}],"inLanguage":"fr-FR"},{"@type":"Organization","@id":"https:\/\/sud.svmep.ch\/svmep\/#organization","name":"Syndicat vaudois des ma\u00eetres.ses de l'enseignement professionnel SVMEP","alternateName":"SVMEP","url":"https:\/\/sud.svmep.ch\/svmep\/","logo":{"@type":"ImageObject","inLanguage":"fr-FR","@id":"https:\/\/sud.svmep.ch\/svmep\/#\/schema\/logo\/image\/","url":"https:\/\/sud.svmep.ch\/svmep\/wp-content\/uploads\/2024\/09\/svmep150x260.jpg","contentUrl":"https:\/\/sud.svmep.ch\/svmep\/wp-content\/uploads\/2024\/09\/svmep150x260.jpg","width":226,"height":127,"caption":"Syndicat vaudois des ma\u00eetres.ses de l'enseignement professionnel SVMEP"},"image":{"@id":"https:\/\/sud.svmep.ch\/svmep\/#\/schema\/logo\/image\/"}}]}},"_links":{"self":[{"href":"https:\/\/sud.svmep.ch\/svmep\/wp-json\/wp\/v2\/pages\/27","targetHints":{"allow":["GET"]}}],"collection":[{"href":"https:\/\/sud.svmep.ch\/svmep\/wp-json\/wp\/v2\/pages"}],"about":[{"href":"https:\/\/sud.svmep.ch\/svmep\/wp-json\/wp\/v2\/types\/page"}],"author":[{"embeddable":true,"href":"https:\/\/sud.svmep.ch\/svmep\/wp-json\/wp\/v2\/users\/2"}],"replies":[{"embeddable":true,"href":"https:\/\/sud.svmep.ch\/svmep\/wp-json\/wp\/v2\/comments?post=27"}],"version-history":[{"count":1,"href":"https:\/\/sud.svmep.ch\/svmep\/wp-json\/wp\/v2\/pages\/27\/revisions"}],"predecessor-version":[{"id":2528,"href":"https:\/\/sud.svmep.ch\/svmep\/wp-json\/wp\/v2\/pages\/27\/revisions\/2528"}],"wp:attachment":[{"href":"https:\/\/sud.svmep.ch\/svmep\/wp-json\/wp\/v2\/media?parent=27"}],"curies":[{"name":"wp","href":"https:\/\/api.w.org\/{rel}","templated":true}]}}